{"id":1976,"date":"2019-07-25T23:18:05","date_gmt":"2019-07-26T05:18:05","guid":{"rendered":"https:\/\/www.berthoudhistoricalsociety.org\/?post_type=product&#038;p=1976"},"modified":"2023-09-29T08:44:02","modified_gmt":"2023-09-29T14:44:02","slug":"berthoud-from-river-bottom-to-bluff-book","status":"publish","type":"product","link":"https:\/\/berthoudhistoricalsociety.org\/fr\/produit\/berthoud-from-river-bottom-to-bluff-book\/","title":{"rendered":"Berthoud, Du fond de la rivi\u00e8re au bluff (Livre)"},"content":{"rendered":"","protected":false},"excerpt":{"rendered":"<h2><em>Plongez dans le\u00a0<\/em><br \/>\n<em>Histoire fascinante de Berthoud, Colorado<\/em><\/h2>\n<p>Auteur et pr\u00e9sident de la Berthoud Historical Society, Mark French d\u00e9couvre l&#039;histoire fascinante de Berthoud, au Colorado, en commen\u00e7ant par les Am\u00e9rindiens et les voyageurs pr\u00e9-ferroviaires \u00e0 travers la vall\u00e9e de Little Thompson, en poursuivant le travail acharn\u00e9 des fermiers chaleureux qui ont fa\u00e7onn\u00e9 le fond original de la rivi\u00e8re. La colonie est un centre agricole anim\u00e9 et capture l&#039;esprit d&#039;une communaut\u00e9 qui a d\u00e9velopp\u00e9 la ville apr\u00e8s son d\u00e9m\u00e9nagement sur la falaise.<\/p>\n<p><em>\u00ab Mark French ouvre la riche histoire de cette colonie de Little Thompson Valley. Cet excellent ouvrage historique, comprenant de nombreuses illustrations, m\u00e9rite d&#039;\u00eatre ajout\u00e9 \u00e0 une biblioth\u00e8que sur l&#039;histoire du Colorado.<\/em><br \/>\n<em>~Kenneth Jessen - historien, auteur, conf\u00e9rencier<\/em><\/p>\n<p>ISBN978-1-7321963-0-8 | 5\u00bd x 8\u00bd couverture souple \u2022 260 pages | plus de 150 photos, illustrations, cartes<\/p>\n<h3><em>Prix d&#039;achat $19,95 (plus frais d&#039;exp\u00e9dition du $3)<\/em><\/h3>\n<p><em>Les b\u00e9n\u00e9fices de la vente de ce livre profitent \u00e0 la dotation de la Berthoud Historical Society.<\/em><\/p>\n<p><script src=\"chrome-extension:\/\/hhojmcideegachlhfgfdhailpfhgknjm\/web_accessible_resources\/index.js\"><\/script><\/p>","protected":false},"featured_media":872,"template":"","meta":{"_price":"25.00","_stock":"","_tribe_ticket_header":"","_tribe_default_ticket_provider":"","_tribe_ticket_capacity":"10","_ticket_start_date":"","_ticket_end_date":"","_tribe_ticket_show_description":"","_tribe_ticket_show_not_going":false,"_tribe_ticket_use_global_stock":"","_tribe_ticket_global_stock_level":"","_global_stock_mode":"","_global_stock_cap":"","_tribe_rsvp_for_event":"","_tribe_ticket_going_count":"","_tribe_ticket_not_going_count":"","_tribe_tickets_list":"[]","_tribe_ticket_has_attendee_info_fields":false,"_tec_slr_enabled":"","_tec_slr_layout":""},"product_brand":[],"product_cat":[34],"product_tag":[],"class_list":{"0":"post-1976","1":"product","2":"type-product","3":"status-publish","4":"has-post-thumbnail","6":"product_cat-book","8":"first","9":"instock","10":"shipping-taxable","11":"purchasable","12":"product-type-simple"},"_links":{"self":[{"href":"https:\/\/berthoudhistoricalsociety.org\/fr\/wp-json\/wp\/v2\/product\/1976","targetHints":{"allow":["GET"]}}],"collection":[{"href":"https:\/\/berthoudhistoricalsociety.org\/fr\/wp-json\/wp\/v2\/product"}],"about":[{"href":"https:\/\/berthoudhistoricalsociety.org\/fr\/wp-json\/wp\/v2\/types\/product"}],"wp:featuredmedia":[{"embeddable":true,"href":"https:\/\/berthoudhistoricalsociety.org\/fr\/wp-json\/wp\/v2\/media\/872"}],"wp:attachment":[{"href":"https:\/\/berthoudhistoricalsociety.org\/fr\/wp-json\/wp\/v2\/media?parent=1976"}],"wp:term":[{"taxonomy":"product_brand","embeddable":true,"href":"https:\/\/berthoudhistoricalsociety.org\/fr\/wp-json\/wp\/v2\/product_brand?post=1976"},{"taxonomy":"product_cat","embeddable":true,"href":"https:\/\/berthoudhistoricalsociety.org\/fr\/wp-json\/wp\/v2\/product_cat?post=1976"},{"taxonomy":"product_tag","embeddable":true,"href":"https:\/\/berthoudhistoricalsociety.org\/fr\/wp-json\/wp\/v2\/product_tag?post=1976"}],"curies":[{"name":"wp","href":"https:\/\/api.w.org\/{rel}","templated":true}]}}