{"id":2047,"date":"2019-07-26T17:00:00","date_gmt":"2019-07-26T23:00:00","guid":{"rendered":"https:\/\/www.berthoudhistoricalsociety.org\/?post_type=product&#038;p=2047"},"modified":"2019-07-26T17:01:44","modified_gmt":"2019-07-26T23:01:44","slug":"2018-bhs-calendar","status":"publish","type":"product","link":"https:\/\/berthoudhistoricalsociety.org\/fr\/produit\/2018-bhs-calendar\/","title":{"rendered":"Calendrier BHS 2018"},"content":{"rendered":"","protected":false},"excerpt":{"rendered":"<h4><span style=\"color: #6c2205;\">Prix \u2013 $15 (plus frais d\u2019exp\u00e9dition $2)<\/span><\/h4>\n<p><strong>Berthoud Rusticates<\/strong>\u00a0Dans les ann\u00e9es 1890, les habitants de la communaut\u00e9 de Berthoud qualifiaient leurs voyages d&#039;agr\u00e9ment \u00e0 la montagne de \u00ab rustiques \u00bb. Pour certains, l\u2019air frais des montagnes a apais\u00e9 les ravages de la consommation, mais pour d\u2019autres, les paysages de montagne ont offert des opportunit\u00e9s de chasse, de p\u00eache, de camping, de pique-nique et souvent de cour.<\/p>\n<p>Bien que la Soci\u00e9t\u00e9 historique de Berthoud poss\u00e8de dans sa collection un petit nombre d&#039;images qui montrent des r\u00e9sidents locaux se rendant \u00e0 la montagne \u00e0 cheval, dans des poussettes et des chariots, la majorit\u00e9 de ses images sont li\u00e9es aux automobiles et aux cam\u00e9ras Brownie qui ont permis aux Berthoudites de relater leurs modes de rustication. Les d\u00e9cors rustiques captur\u00e9s dans ce calendrier vont d&#039;Estes Park et Big Thompson Canyon \u00e0 proximit\u00e9 aux parcs North et Middle et, dans un cas, Yellowstone. Presque chaque image r\u00e9v\u00e8le le plaisir que les habitants du quartier de Berthoud ont toujours pris du plein air.<\/p>\n<p>La Soci\u00e9t\u00e9 historique de Berthoud remercie particuli\u00e8rement Greg Ludlow et Joyce Chaput qui ont fait don et pr\u00eat\u00e9 des albums de photos de famille d&#039;o\u00f9 proviennent bon nombre des photographies du calendrier de cette ann\u00e9e. Les images attribu\u00e9es \u00e0 Sid et Emma Davis et \u00e0 la famille FP Haworth sont leurs contributions. Nous remercions \u00e9galement les particuliers et les entreprises locales de Berthoud qui ont sponsoris\u00e9 des pages de calendrier et offert des d\u00e9dicaces pour rendre ce projet de calendrier annuel possible.<\/p>\n<p>C&#039;est avec grand plaisir que la Soci\u00e9t\u00e9 Historique de Berthoud pr\u00e9sente Berthoud Rusticates. Nous souhaitons que ce calendrier remplisse en partie notre mission de d\u00e9couvrir, pr\u00e9server et interpr\u00e9ter l&#039;histoire de Berthoud, de la Little Thompson Valley, du Colorado et de la r\u00e9gion environnante. Amusez-vous!<\/p>","protected":false},"featured_media":720,"template":"","meta":{"_price":"17.00","_stock":null,"_tribe_ticket_header":"","_tribe_default_ticket_provider":"","_tribe_ticket_capacity":"0","_ticket_start_date":"","_ticket_end_date":"","_tribe_ticket_show_description":"","_tribe_ticket_show_not_going":false,"_tribe_ticket_use_global_stock":"","_tribe_ticket_global_stock_level":"","_global_stock_mode":"","_global_stock_cap":"","_tribe_rsvp_for_event":"","_tribe_ticket_going_count":"","_tribe_ticket_not_going_count":"","_tribe_tickets_list":"[]","_tribe_ticket_has_attendee_info_fields":false,"_tec_slr_enabled":"","_tec_slr_layout":""},"product_brand":[],"product_cat":[35],"product_tag":[],"class_list":{"0":"post-2047","1":"product","2":"type-product","3":"status-publish","4":"has-post-thumbnail","6":"product_cat-calendar","8":"first","9":"instock","10":"shipping-taxable","11":"purchasable","12":"product-type-simple"},"_links":{"self":[{"href":"https:\/\/berthoudhistoricalsociety.org\/fr\/wp-json\/wp\/v2\/product\/2047","targetHints":{"allow":["GET"]}}],"collection":[{"href":"https:\/\/berthoudhistoricalsociety.org\/fr\/wp-json\/wp\/v2\/product"}],"about":[{"href":"https:\/\/berthoudhistoricalsociety.org\/fr\/wp-json\/wp\/v2\/types\/product"}],"wp:featuredmedia":[{"embeddable":true,"href":"https:\/\/berthoudhistoricalsociety.org\/fr\/wp-json\/wp\/v2\/media\/720"}],"wp:attachment":[{"href":"https:\/\/berthoudhistoricalsociety.org\/fr\/wp-json\/wp\/v2\/media?parent=2047"}],"wp:term":[{"taxonomy":"product_brand","embeddable":true,"href":"https:\/\/berthoudhistoricalsociety.org\/fr\/wp-json\/wp\/v2\/product_brand?post=2047"},{"taxonomy":"product_cat","embeddable":true,"href":"https:\/\/berthoudhistoricalsociety.org\/fr\/wp-json\/wp\/v2\/product_cat?post=2047"},{"taxonomy":"product_tag","embeddable":true,"href":"https:\/\/berthoudhistoricalsociety.org\/fr\/wp-json\/wp\/v2\/product_tag?post=2047"}],"curies":[{"name":"wp","href":"https:\/\/api.w.org\/{rel}","templated":true}]}}