{"id":2058,"date":"2019-07-26T22:32:08","date_gmt":"2019-07-27T04:32:08","guid":{"rendered":"https:\/\/www.berthoudhistoricalsociety.org\/?post_type=product&#038;p=2058"},"modified":"2019-07-26T22:34:06","modified_gmt":"2019-07-27T04:34:06","slug":"2017-bhs-calendar","status":"publish","type":"product","link":"https:\/\/berthoudhistoricalsociety.org\/fr\/produit\/2017-bhs-calendar\/","title":{"rendered":"Calendrier BHS 2017"},"content":{"rendered":"","protected":false},"excerpt":{"rendered":"<h4><span style=\"color: #6c2205;\">Prix \u2013 $15 (plus frais d\u2019exp\u00e9dition $2)<\/span><\/h4>\n<p>Lorsque Kodak a pr\u00e9sent\u00e9 son appareil photo Brownie au tournant du 20e si\u00e8cle, la photographie est devenue accessible au grand public. Comme d\u2019autres Am\u00e9ricains, les habitants de Berthoud et des districts ruraux environnants achetaient avec empressement des appareils photo et les utilisaient pour raconter les personnes et les \u00e9v\u00e9nements de leur vie. Ces instantan\u00e9s en noir et blanc, pris sur plusieurs d\u00e9cennies, constituent d\u00e9sormais une partie pr\u00e9cieuse du dossier historique qui r\u00e9side dans les collections de la Soci\u00e9t\u00e9 historique de Berthoud.<\/p>\n<p>Le regrett\u00e9 Bill Sterkel, originaire de Berthoud et membre d&#039;une famille allemande originaire de Russie, n&#039;a jamais oubli\u00e9 comment il a obtenu son premier appareil photo. En tant que jeune gar\u00e7on dans les ann\u00e9es 1910, Bill a d\u00e9termin\u00e9 que la seule fa\u00e7on de mettre la main sur un appareil photo \u00e9tait de faire du porte-\u00e0-porte pour vendre des bo\u00eetes de pommade Rosebud. (La soci\u00e9t\u00e9 offrait des appareils photo en prime aux personnes qui vendaient leurs produits.) Bill a finalement gagn\u00e9 son appareil photo et a attrap\u00e9 un bug de prise de vue qui a dur\u00e9 toute sa vie.<\/p>\n<p>La Soci\u00e9t\u00e9 historique de Berthoud tient \u00e0 remercier tous ceux qui, au fil des ann\u00e9es, ont fait don de photographies ou les ont pr\u00eat\u00e9es pour les copier. Sans leur g\u00e9n\u00e9rosit\u00e9, la production d\u2019un calendrier rempli d\u2019instantan\u00e9s ne serait pas possible. Nous offrons \u00e9galement nos sinc\u00e8res remerciements aux entreprises Berthoud<br \/>\net des individus qui parrainent des pages de calendrier et rendent ce projet annuel possible.<\/p>\n<p>Nous vous pr\u00e9sentons des Instantan\u00e9s de Berthoud. Nous esp\u00e9rons que ce calendrier nous aidera \u00e0 remplir notre mission de d\u00e9couvrir, pr\u00e9server et interpr\u00e9ter l&#039;histoire de Berthoud, de la Little Thompson Valley, du Colorado et de la r\u00e9gion environnante.<\/p>\n<p>Amusez-vous!<\/p>","protected":false},"featured_media":601,"template":"","meta":{"_price":"17.00","_stock":null,"_tribe_ticket_header":"","_tribe_default_ticket_provider":"","_tribe_ticket_capacity":"0","_ticket_start_date":"","_ticket_end_date":"","_tribe_ticket_show_description":"","_tribe_ticket_show_not_going":false,"_tribe_ticket_use_global_stock":"","_tribe_ticket_global_stock_level":"","_global_stock_mode":"","_global_stock_cap":"","_tribe_rsvp_for_event":"","_tribe_ticket_going_count":"","_tribe_ticket_not_going_count":"","_tribe_tickets_list":"[]","_tribe_ticket_has_attendee_info_fields":false,"_tec_slr_enabled":"","_tec_slr_layout":""},"product_brand":[],"product_cat":[35],"product_tag":[],"class_list":{"0":"post-2058","1":"product","2":"type-product","3":"status-publish","4":"has-post-thumbnail","6":"product_cat-calendar","8":"first","9":"instock","10":"shipping-taxable","11":"purchasable","12":"product-type-simple"},"_links":{"self":[{"href":"https:\/\/berthoudhistoricalsociety.org\/fr\/wp-json\/wp\/v2\/product\/2058","targetHints":{"allow":["GET"]}}],"collection":[{"href":"https:\/\/berthoudhistoricalsociety.org\/fr\/wp-json\/wp\/v2\/product"}],"about":[{"href":"https:\/\/berthoudhistoricalsociety.org\/fr\/wp-json\/wp\/v2\/types\/product"}],"wp:featuredmedia":[{"embeddable":true,"href":"https:\/\/berthoudhistoricalsociety.org\/fr\/wp-json\/wp\/v2\/media\/601"}],"wp:attachment":[{"href":"https:\/\/berthoudhistoricalsociety.org\/fr\/wp-json\/wp\/v2\/media?parent=2058"}],"wp:term":[{"taxonomy":"product_brand","embeddable":true,"href":"https:\/\/berthoudhistoricalsociety.org\/fr\/wp-json\/wp\/v2\/product_brand?post=2058"},{"taxonomy":"product_cat","embeddable":true,"href":"https:\/\/berthoudhistoricalsociety.org\/fr\/wp-json\/wp\/v2\/product_cat?post=2058"},{"taxonomy":"product_tag","embeddable":true,"href":"https:\/\/berthoudhistoricalsociety.org\/fr\/wp-json\/wp\/v2\/product_tag?post=2058"}],"curies":[{"name":"wp","href":"https:\/\/api.w.org\/{rel}","templated":true}]}}