{"id":2092,"date":"2019-07-27T16:18:27","date_gmt":"2019-07-27T22:18:27","guid":{"rendered":"https:\/\/www.berthoudhistoricalsociety.org\/?post_type=product&#038;p=2092"},"modified":"2019-07-27T16:20:25","modified_gmt":"2019-07-27T22:20:25","slug":"2014-bhs-calendar","status":"publish","type":"product","link":"https:\/\/berthoudhistoricalsociety.org\/fr\/produit\/2014-bhs-calendar\/","title":{"rendered":"Calendrier BHS 20154"},"content":{"rendered":"","protected":false},"excerpt":{"rendered":"<h4><span style=\"color: #6c2205;\">Prix \u2013 $15 (plus frais d\u2019exp\u00e9dition $2)<\/span><\/h4>\n<p>Un centre agricole anim\u00e9 du sud du comt\u00e9 de Larimer, la vall\u00e9e de Little Thompson et la ville de Berthoud, dans le Colorado, ont servi de th\u00e9\u00e2tre \u00e0 des \u00e9v\u00e9nements qui ont fait la une des journaux locaux. Emprunt\u00e9 \u00e0 des tablo\u00efds allant du<br \/>\nBerthoud Blade et Berthoud Bulletin du Berthoud Weekly Surveyor, \u00ab Newsworthy Berthoud \u00bb donne un aper\u00e7u de la vie dans une petite ville du nord du Colorado depuis l&#039;origine de la communaut\u00e9 dans les ann\u00e9es 1880 jusqu&#039;\u00e0 nos jours.<\/p>\n<p>Des images de la r\u00e9gion de Berthoud, connue sous le nom de \u00ab Jardin du Colorado \u00bb depuis que ce nom lui a \u00e9t\u00e9 attribu\u00e9 par la Chambre de Commerce locale au d\u00e9but des ann\u00e9es 1900, animent ce calendrier et cette histoire picturale qui examine divers aspects de la vie dans le pays.<br \/>\ncommunaut\u00e9 au fil des ann\u00e9es.<\/p>\n<p>La Soci\u00e9t\u00e9 Historique de Berthoud vous invite \u00e0 profiter\u00a0<strong><em>Berthoud digne d&#039;int\u00e9r\u00eat !<\/em><\/strong><\/p>","protected":false},"featured_media":362,"template":"","meta":{"_price":"17.00","_stock":null,"_tribe_ticket_header":"","_tribe_default_ticket_provider":"","_tribe_ticket_capacity":"0","_ticket_start_date":"","_ticket_end_date":"","_tribe_ticket_show_description":"","_tribe_ticket_show_not_going":false,"_tribe_ticket_use_global_stock":"","_tribe_ticket_global_stock_level":"","_global_stock_mode":"","_global_stock_cap":"","_tribe_rsvp_for_event":"","_tribe_ticket_going_count":"","_tribe_ticket_not_going_count":"","_tribe_tickets_list":"[]","_tribe_ticket_has_attendee_info_fields":false,"_tec_slr_enabled":"","_tec_slr_layout":""},"product_brand":[],"product_cat":[35],"product_tag":[],"class_list":{"0":"post-2092","1":"product","2":"type-product","3":"status-publish","4":"has-post-thumbnail","6":"product_cat-calendar","8":"first","9":"instock","10":"shipping-taxable","11":"purchasable","12":"product-type-simple"},"_links":{"self":[{"href":"https:\/\/berthoudhistoricalsociety.org\/fr\/wp-json\/wp\/v2\/product\/2092","targetHints":{"allow":["GET"]}}],"collection":[{"href":"https:\/\/berthoudhistoricalsociety.org\/fr\/wp-json\/wp\/v2\/product"}],"about":[{"href":"https:\/\/berthoudhistoricalsociety.org\/fr\/wp-json\/wp\/v2\/types\/product"}],"wp:featuredmedia":[{"embeddable":true,"href":"https:\/\/berthoudhistoricalsociety.org\/fr\/wp-json\/wp\/v2\/media\/362"}],"wp:attachment":[{"href":"https:\/\/berthoudhistoricalsociety.org\/fr\/wp-json\/wp\/v2\/media?parent=2092"}],"wp:term":[{"taxonomy":"product_brand","embeddable":true,"href":"https:\/\/berthoudhistoricalsociety.org\/fr\/wp-json\/wp\/v2\/product_brand?post=2092"},{"taxonomy":"product_cat","embeddable":true,"href":"https:\/\/berthoudhistoricalsociety.org\/fr\/wp-json\/wp\/v2\/product_cat?post=2092"},{"taxonomy":"product_tag","embeddable":true,"href":"https:\/\/berthoudhistoricalsociety.org\/fr\/wp-json\/wp\/v2\/product_tag?post=2092"}],"curies":[{"name":"wp","href":"https:\/\/api.w.org\/{rel}","templated":true}]}}