{"id":7991,"date":"2019-12-05T19:40:10","date_gmt":"2019-12-06T02:40:10","guid":{"rendered":"https:\/\/www.berthoudhistoricalsociety.org\/?post_type=product&#038;p=7991"},"modified":"2019-12-05T19:41:29","modified_gmt":"2019-12-06T02:41:29","slug":"2020-bhs-calendar","status":"publish","type":"product","link":"https:\/\/berthoudhistoricalsociety.org\/fr\/produit\/2020-bhs-calendar\/","title":{"rendered":"Calendrier BHS 2020"},"content":{"rendered":"","protected":false},"excerpt":{"rendered":"<h4><span style=\"color: #6c2205;\">Prix \u2013 $15 (plus frais d\u2019exp\u00e9dition $2)<\/span><\/h4>\n<p>Depuis le d\u00e9but de la colonisation dans la vall\u00e9e de Little Thompson, Berthoud se d\u00e9place sur roues. Bien qu&#039;aucune photographie n&#039;existe pour retracer l&#039;\u00e9v\u00e9nement, le d\u00e9placement de Berthoud du fond de la rivi\u00e8re vers son site actuel a \u00e9t\u00e9 r\u00e9alis\u00e9 par des d\u00e9m\u00e9nageurs qui ont soulev\u00e9 les b\u00e2timents, les ont charg\u00e9s sur roues et les ont remorqu\u00e9s jusqu&#039;\u00e0 la nouvelle ville. La colonie originale de Berthoud a d\u00fb \u00eatre d\u00e9plac\u00e9e parce que les roues des locomotives du Colorado Central ne pouvaient pas obtenir une traction ad\u00e9quate lorsqu&#039;elles travaillaient en mont\u00e9e depuis le fond de la rivi\u00e8re.<br \/>\nDepuis lors, presque tout dans la communaut\u00e9 se d\u00e9pla\u00e7ait sur roues, depuis les trains qui sillonnaient la vall\u00e9e jusqu&#039;aux chariots tir\u00e9s par des chevaux, en passant par les camions, tracteurs et automobiles \u00e0 essence qui transportaient pratiquement tout.<br \/>\nBerthoud roule ! est une collection de photographies qui d\u00e9montrent la d\u00e9pendance de la communaut\u00e9 aux roues. La Soci\u00e9t\u00e9 Historique de Berthoud vous invite \u00e0 profiter de ces images qui montrent comment roule Berthoud !<\/p>\n<p>Berthoud&#039;s Kids &amp; Critters est une collection de clich\u00e9s pris par les habitants de Berthoud et de Little Thompson Valley du d\u00e9but des ann\u00e9es 1900 aux ann\u00e9es 1960.<\/p>","protected":false},"featured_media":7988,"template":"","meta":{"_price":"17.00","_stock":null,"_tribe_ticket_header":"","_tribe_default_ticket_provider":"","_tribe_ticket_capacity":"2","_ticket_start_date":"","_ticket_end_date":"","_tribe_ticket_show_description":"","_tribe_ticket_show_not_going":false,"_tribe_ticket_use_global_stock":"","_tribe_ticket_global_stock_level":"","_global_stock_mode":"","_global_stock_cap":"","_tribe_rsvp_for_event":"","_tribe_ticket_going_count":"","_tribe_ticket_not_going_count":"","_tribe_tickets_list":"[]","_tribe_ticket_has_attendee_info_fields":false,"_tec_slr_enabled":"","_tec_slr_layout":""},"product_brand":[],"product_cat":[35],"product_tag":[],"class_list":{"0":"post-7991","1":"product","2":"type-product","3":"status-publish","4":"has-post-thumbnail","6":"product_cat-calendar","8":"first","9":"instock","10":"shipping-taxable","11":"purchasable","12":"product-type-simple"},"_links":{"self":[{"href":"https:\/\/berthoudhistoricalsociety.org\/fr\/wp-json\/wp\/v2\/product\/7991","targetHints":{"allow":["GET"]}}],"collection":[{"href":"https:\/\/berthoudhistoricalsociety.org\/fr\/wp-json\/wp\/v2\/product"}],"about":[{"href":"https:\/\/berthoudhistoricalsociety.org\/fr\/wp-json\/wp\/v2\/types\/product"}],"wp:featuredmedia":[{"embeddable":true,"href":"https:\/\/berthoudhistoricalsociety.org\/fr\/wp-json\/wp\/v2\/media\/7988"}],"wp:attachment":[{"href":"https:\/\/berthoudhistoricalsociety.org\/fr\/wp-json\/wp\/v2\/media?parent=7991"}],"wp:term":[{"taxonomy":"product_brand","embeddable":true,"href":"https:\/\/berthoudhistoricalsociety.org\/fr\/wp-json\/wp\/v2\/product_brand?post=7991"},{"taxonomy":"product_cat","embeddable":true,"href":"https:\/\/berthoudhistoricalsociety.org\/fr\/wp-json\/wp\/v2\/product_cat?post=7991"},{"taxonomy":"product_tag","embeddable":true,"href":"https:\/\/berthoudhistoricalsociety.org\/fr\/wp-json\/wp\/v2\/product_tag?post=7991"}],"curies":[{"name":"wp","href":"https:\/\/api.w.org\/{rel}","templated":true}]}}